{"id":69,"date":"2026-03-05T21:21:04","date_gmt":"2026-03-06T01:21:04","guid":{"rendered":"https:\/\/pingamervzla.com\/?post_type=product&#038;p=69"},"modified":"2026-03-06T12:05:17","modified_gmt":"2026-03-06T16:05:17","slug":"tarjeta-de-regalo-playstation-store-credito-50-codigo-digital","status":"publish","type":"product","link":"https:\/\/pingamervzla.com\/?product=tarjeta-de-regalo-playstation-store-credito-50-codigo-digital","title":{"rendered":"Tarjeta de Regalo PlayStation Store Credito 50$ &#8211; C\u00f3digo Digital"},"content":{"rendered":"<p>Los cr\u00e9ditos para PlayStation Store (o saldo PSN) son la moneda virtual prepagada que se a\u00f1ade a tu monedero digital de PlayStation para comprar juegos, DLC, suscripciones a PS Plus y contenidos multimedia sin necesitar una tarjeta de cr\u00e9dito. Se obtienen mediante tarjetas de regalo f\u00edsicas o c\u00f3digos digitales de diferentes valores, que se canjean en la PS Store.<\/p>\n","protected":false},"excerpt":{"rendered":"<p>Los cr\u00e9ditos para PlayStation Store (o saldo PSN) son la moneda virtual prepagada que se a\u00f1ade a tu monedero digital de PlayStation para comprar juegos, DLC, suscripciones a PS Plus y contenidos multimedia sin necesitar una tarjeta de cr\u00e9dito. Se obtienen mediante tarjetas de regalo f\u00edsicas o c\u00f3digos digitales de diferentes valores, que se canjean [&hellip;]<\/p>\n","protected":false},"featured_media":70,"comment_status":"open","ping_status":"closed","template":"","meta":{"_joinchat":[]},"product_brand":[],"product_cat":[23,21],"product_tag":[],"class_list":{"0":"post-69","1":"product","2":"type-product","3":"status-publish","4":"has-post-thumbnail","6":"product_cat-playstation","7":"product_cat-tarjetas-de-regalo","9":"first","10":"instock","11":"virtual","12":"taxable","13":"purchasable","14":"product-type-simple"},"_links":{"self":[{"href":"https:\/\/pingamervzla.com\/index.php?rest_route=\/wp\/v2\/product\/69","targetHints":{"allow":["GET"]}}],"collection":[{"href":"https:\/\/pingamervzla.com\/index.php?rest_route=\/wp\/v2\/product"}],"about":[{"href":"https:\/\/pingamervzla.com\/index.php?rest_route=\/wp\/v2\/types\/product"}],"replies":[{"embeddable":true,"href":"https:\/\/pingamervzla.com\/index.php?rest_route=%2Fwp%2Fv2%2Fcomments&post=69"}],"wp:featuredmedia":[{"embeddable":true,"href":"https:\/\/pingamervzla.com\/index.php?rest_route=\/wp\/v2\/media\/70"}],"wp:attachment":[{"href":"https:\/\/pingamervzla.com\/index.php?rest_route=%2Fwp%2Fv2%2Fmedia&parent=69"}],"wp:term":[{"taxonomy":"product_brand","embeddable":true,"href":"https:\/\/pingamervzla.com\/index.php?rest_route=%2Fwp%2Fv2%2Fproduct_brand&post=69"},{"taxonomy":"product_cat","embeddable":true,"href":"https:\/\/pingamervzla.com\/index.php?rest_route=%2Fwp%2Fv2%2Fproduct_cat&post=69"},{"taxonomy":"product_tag","embeddable":true,"href":"https:\/\/pingamervzla.com\/index.php?rest_route=%2Fwp%2Fv2%2Fproduct_tag&post=69"}],"curies":[{"name":"wp","href":"https:\/\/api.w.org\/{rel}","templated":true}]}}